{"id":9,"date":"2021-11-08T11:23:30","date_gmt":"2021-11-08T10:23:30","guid":{"rendered":"http:\/\/dev-www.lacompagniedesboissonsvivantes.fr\/?page_id=9"},"modified":"2022-09-07T16:15:08","modified_gmt":"2022-09-07T14:15:08","slug":"accueil","status":"publish","type":"page","link":"http:\/\/dev-www.lacompagniedesboissonsvivantes.fr\/","title":{"rendered":"Accueil"},"content":{"rendered":"<p>[et_pb_section fb_built=\u00a0\u00bb1&Prime; fullwidth=\u00a0\u00bbon\u00a0\u00bb _builder_version=\u00a0\u00bb3.26.7&Prime;][et_pb_fullwidth_slider _builder_version=\u00a0\u00bb3.26.7&Prime; min_height=\u00a0\u00bb542.3px\u00a0\u00bb][et_pb_slide _builder_version=\u00a0\u00bb3.26.7&Prime; background_image=\u00a0\u00bbhttp:\/\/dev-www.lacompagniedesboissonsvivantes.fr\/wp-content\/uploads\/2021\/10\/IMG_2969-scaled.jpg\u00a0\u00bb background_enable_image=\u00a0\u00bbon\u00a0\u00bb parallax=\u00a0\u00bbon\u00a0\u00bb][\/et_pb_slide][et_pb_slide _builder_version=\u00a0\u00bb3.26.7&Prime; background_image=\u00a0\u00bbhttp:\/\/dev-www.lacompagniedesboissonsvivantes.fr\/wp-content\/uploads\/2021\/10\/IMG_2896-scaled.jpg\u00a0\u00bb background_enable_image=\u00a0\u00bbon\u00a0\u00bb parallax=\u00a0\u00bbon\u00a0\u00bb][\/et_pb_slide][et_pb_slide _builder_version=\u00a0\u00bb3.26.7&Prime; background_image=\u00a0\u00bbhttp:\/\/dev-www.lacompagniedesboissonsvivantes.fr\/wp-content\/uploads\/2021\/10\/IMG_2943-scaled.jpg\u00a0\u00bb background_enable_image=\u00a0\u00bbon\u00a0\u00bb parallax=\u00a0\u00bbon\u00a0\u00bb][\/et_pb_slide][et_pb_slide _builder_version=\u00a0\u00bb3.26.7&Prime; background_image=\u00a0\u00bbhttp:\/\/dev-www.lacompagniedesboissonsvivantes.fr\/wp-content\/uploads\/2021\/10\/IMG_2916-scaled.jpg\u00a0\u00bb background_enable_image=\u00a0\u00bbon\u00a0\u00bb parallax=\u00a0\u00bbon\u00a0\u00bb][\/et_pb_slide][\/et_pb_fullwidth_slider][\/et_pb_section][et_pb_section fb_built=\u00a0\u00bb1&Prime; module_id=\u00a0\u00bbnous\u00a0\u00bb _builder_version=\u00a0\u00bb3.26.7&Prime;][et_pb_row column_structure=\u00a0\u00bb1_2,1_2&Prime; module_id=\u00a0\u00bbNous\u00a0\u00bb _builder_version=\u00a0\u00bb3.26.7&Prime;][et_pb_column type=\u00a0\u00bb1_2&Prime; _builder_version=\u00a0\u00bb3.26.7&Prime;][et_pb_image src=\u00a0\u00bbhttp:\/\/dev-www.lacompagniedesboissonsvivantes.fr\/wp-content\/uploads\/2021\/11\/Capture_d_e\u0301cran_2021-11-08_a\u0300_13.12.06-removebg-preview.png\u00a0\u00bb _builder_version=\u00a0\u00bb3.26.7&Prime; width=\u00a0\u00bb15%\u00a0\u00bb][\/et_pb_image][et_pb_text _builder_version=\u00a0\u00bb3.26.7&Prime; header_2_font=\u00a0\u00bbGeometry Soft Pro||||||||\u00a0\u00bb]<\/p>\n<div class=\"et_pb_module et_pb_text et_pb_text_0 et_pb_bg_layout_light  et_pb_text_align_left\">\n<div class=\"et_pb_text_inner\">\n<h2>QUI SOMMES-NOUS ?<\/h2>\n<\/div>\n<\/div>\n<div class=\"et_pb_module et_pb_text et_pb_text_1 et_pb_bg_layout_light  et_pb_text_align_left\">\n<div class=\"et_pb_text_inner\">\n<p style=\"text-align: justify;\"><strong>La Compagnie des Boissons Vivantes (LCBV)<\/strong><span>&nbsp;est une soci\u00e9t\u00e9 sp\u00e9cialis\u00e9e dans la distribution de bi\u00e8res artisanales fran\u00e7aises et internationales. Nous s\u00e9lectionnons le meilleur de la bi\u00e8re \u201ccraft\u201d et livrons uniquement les professionnels (CHR, cavistes, \u00e9piceries fines, etc.) sur la r\u00e9gion parisienne et partout en France.<\/span><\/p>\n<\/div>\n<\/div>\n<p>[\/et_pb_text][\/et_pb_column][et_pb_column type=\u00a0\u00bb1_2&Prime; _builder_version=\u00a0\u00bb3.26.7&Prime;][et_pb_image src=\u00a0\u00bbhttp:\/\/dev-www.lacompagniedesboissonsvivantes.fr\/wp-content\/uploads\/2021\/10\/IMG_3111-scaled.jpg\u00a0\u00bb _builder_version=\u00a0\u00bb3.26.7&Prime; border_radii=\u00a0\u00bbon|20px|20px|20px|20px\u00a0\u00bb box_shadow_style=\u00a0\u00bbpreset2&Prime;][\/et_pb_image][\/et_pb_column][\/et_pb_row][\/et_pb_section][et_pb_section fb_built=\u00a0\u00bb1&Prime; prev_background_color=\u00a0\u00bb#ffffff\u00a0\u00bb module_id=\u00a0\u00bbhistoire\u00a0\u00bb _builder_version=\u00a0\u00bb3.26.7&Prime; background_color=\u00a0\u00bb#3B3A37&Prime; top_divider_style=\u00a0\u00bbcurve2&Prime; top_divider_height=\u00a0\u00bb51px\u00a0\u00bb][et_pb_row column_structure=\u00a0\u00bb1_2,1_2&Prime; _builder_version=\u00a0\u00bb3.26.7&Prime;][et_pb_column type=\u00a0\u00bb1_2&Prime; _builder_version=\u00a0\u00bb3.26.7&Prime;][et_pb_image src=\u00a0\u00bbhttp:\/\/dev-www.lacompagniedesboissonsvivantes.fr\/wp-content\/uploads\/2021\/11\/IMG_2877-scaled.jpg\u00a0\u00bb _builder_version=\u00a0\u00bb3.26.7&Prime; border_radii=\u00a0\u00bbon|20px|20px|20px|20px\u00a0\u00bb box_shadow_style=\u00a0\u00bbpreset2&Prime; custom_margin=\u00a0\u00bb60px||0px|-140px|false|false\u00a0\u00bb custom_padding=\u00a0\u00bb0px||0px||false|false\u00a0\u00bb][\/et_pb_image][\/et_pb_column][et_pb_column type=\u00a0\u00bb1_2&Prime; _builder_version=\u00a0\u00bb3.26.7&Prime;][et_pb_image src=\u00a0\u00bbhttp:\/\/dev-www.lacompagniedesboissonsvivantes.fr\/wp-content\/uploads\/2021\/11\/Capture_d_e\u0301cran_2021-11-08_a\u0300_13.12.06-removebg-preview.png\u00a0\u00bb _builder_version=\u00a0\u00bb3.26.7&Prime; width=\u00a0\u00bb15%\u00a0\u00bb][\/et_pb_image][et_pb_text _builder_version=\u00a0\u00bb3.26.7&Prime; header_2_font=\u00a0\u00bbGeometry Soft Pro||||||||\u00a0\u00bb header_3_font=\u00a0\u00bbGeometry Soft Pro||||||||\u00a0\u00bb]<\/p>\n<div class=\"et_pb_module et_pb_text et_pb_text_2 et_pb_bg_layout_light  et_pb_text_align_left\">\n<div class=\"et_pb_text_inner\">\n<h2 class=\"mayus secondColor text-center\" style=\"text-align: left;\"><span style=\"color: #efbc44;\">NOTRE HISTOIRE<\/span><\/h2>\n<\/div>\n<\/div>\n<div class=\"et_pb_module et_pb_text et_pb_text_3 et_pb_bg_layout_light  et_pb_text_align_left\">\n<div class=\"et_pb_text_inner\" style=\"text-align: left;\">\n<p class=\"mayus secondColor text-center\" style=\"text-align: justify;\"><span style=\"color: #ffffff;\">Notre projet de distribution a d\u00e9but\u00e9 en 2012 au sein du bar \u00ab&nbsp;<a href=\"http:\/\/www.lafinemousse.fr\/\" class=\"brighten\" target=\"blank\" title=\"La Fine Mousse\" rel=\"noopener\" style=\"color: #ffffff;\">La Fine Mousse<\/a>&nbsp;\u00bb. Fort de notre expertise et de notre r\u00e9seau de brasseries, cette soci\u00e9t\u00e9 a depuis \u00e9t\u00e9 s\u00e9par\u00e9e de l\u2019activit\u00e9 du bar afin de r\u00e9pondre au plus pr\u00e8s des probl\u00e9matiques de nos fournisseurs et de nos clients.<\/span><\/p>\n<p class=\"padTopL\" style=\"text-align: justify;\"><span style=\"color: #ffffff;\">Baptis\u00e9e&nbsp;<strong>La Compagnie des Boissons Vivantes (LCBV)<\/strong>, notre structure de distribution est n\u00e9e de notre passion pour la bi\u00e8re artisanale et du constat que beaucoup de brasseries artisanales pr\u00e9f\u00e8rent se concentrer sur la production plut\u00f4t que des soucis de logistique. Ces brasseries font rarement confiance aux distributeurs \u00ab classiques \u00bb car ils ont peur de se retrouver perdu dans un catalogue comprenant des produits industriels tr\u00e8s diff\u00e9rents des leurs.<\/span><\/p>\n<p style=\"text-align: justify;\"><span style=\"color: #ffffff;\">Aujourd\u2019hui, notre \u00e9quipe de huit personnes install\u00e9e dans un entrep\u00f4t de banlieue parisienne se tient \u00e0 votre \u00e9coute pour vous offrir le meilleur de la \u201ccraft beer\u201d.<\/span><\/p>\n<\/div>\n<\/div>\n<p>[\/et_pb_text][\/et_pb_column][\/et_pb_row][\/et_pb_section][et_pb_section fb_built=\u00a0\u00bb1&Prime; prev_background_color=\u00a0\u00bb#3B3A37&Prime; module_id=\u00a0\u00bbengagements\u00a0\u00bb _builder_version=\u00a0\u00bb3.26.7&Prime; background_color=\u00a0\u00bb#f2b21d\u00a0\u00bb custom_padding=\u00a0\u00bb2px|||||\u00a0\u00bb top_divider_style=\u00a0\u00bbcurve2&Prime; top_divider_height=\u00a0\u00bb40px\u00a0\u00bb top_divider_flip=\u00a0\u00bbvertical\u00a0\u00bb][et_pb_row _builder_version=\u00a0\u00bb3.26.7&Prime; custom_padding=\u00a0\u00bb||11px|||\u00a0\u00bb][et_pb_column type=\u00a0\u00bb4_4&Prime; _builder_version=\u00a0\u00bb3.26.7&Prime;][et_pb_text _builder_version=\u00a0\u00bb3.26.7&Prime; text_font=\u00a0\u00bbGeometry Soft Pro||||||||\u00a0\u00bb text_text_align=\u00a0\u00bbcenter\u00a0\u00bb header_3_font=\u00a0\u00bbGeometry Soft Pro||||||||\u00a0\u00bb]<\/p>\n<div class=\"et_pb_row et_pb_row_1\">\n<div class=\"et_pb_column et_pb_column_4_4 et_pb_column_4  et_pb_css_mix_blend_mode_passthrough et-last-child\">\n<div class=\"et_pb_module et_pb_text et_pb_text_4 et_pb_bg_layout_light  et_pb_text_align_left\">\n<div class=\"et_pb_text_inner\">\n<h2 style=\"text-align: center;\">NOS ENGAGEMENTS<\/h2>\n<\/div>\n<\/div>\n<\/div>\n<\/div>\n<p>[\/et_pb_text][\/et_pb_column][\/et_pb_row][et_pb_row column_structure=\u00a0\u00bb1_3,1_3,1_3&Prime; _builder_version=\u00a0\u00bb3.26.7&Prime;][et_pb_column type=\u00a0\u00bb1_3&Prime; _builder_version=\u00a0\u00bb3.26.7&Prime;][et_pb_blurb title=\u00a0\u00bbProposer les meilleures bi\u00e8res\u00a0\u00bb image=\u00a0\u00bbhttp:\/\/dev-www.lacompagniedesboissonsvivantes.fr\/wp-content\/uploads\/2021\/11\/beers.png\u00a0\u00bb image_max_width=\u00a0\u00bb22%\u00a0\u00bb _builder_version=\u00a0\u00bb3.26.7&Prime; header_font=\u00a0\u00bbGeometry Soft Pro||||||||\u00a0\u00bb background_color=\u00a0\u00bb#FFFFFF\u00a0\u00bb border_radii=\u00a0\u00bbon|20px|20px|20px|20px\u00a0\u00bb box_shadow_style=\u00a0\u00bbpreset1&Prime; text_orientation=\u00a0\u00bbcenter\u00a0\u00bb min_height=\u00a0\u00bb217.5px\u00a0\u00bb custom_margin=\u00a0\u00bb0px||0px||false|false\u00a0\u00bb custom_padding=\u00a0\u00bb25px|0px|25px|0px|true|false\u00a0\u00bb][\/et_pb_blurb][\/et_pb_column][et_pb_column type=\u00a0\u00bb1_3&Prime; _builder_version=\u00a0\u00bb3.26.7&Prime;][et_pb_blurb title=\u00a0\u00bbGarantir la qualit\u00e9 du produit\u00a0\u00bb use_icon=\u00a0\u00bbon\u00a0\u00bb font_icon=\u00a0\u00bb%%171%%\u00a0\u00bb icon_color=\u00a0\u00bb#000000&Prime; use_icon_font_size=\u00a0\u00bbon\u00a0\u00bb icon_font_size=\u00a0\u00bb70px\u00a0\u00bb _builder_version=\u00a0\u00bb3.26.7&Prime; header_font=\u00a0\u00bbGeometry Soft Pro||||||||\u00a0\u00bb background_color=\u00a0\u00bb#FFFFFF\u00a0\u00bb border_radii=\u00a0\u00bbon|20px|20px|20px|20px\u00a0\u00bb box_shadow_style=\u00a0\u00bbpreset1&Prime; text_orientation=\u00a0\u00bbcenter\u00a0\u00bb custom_padding=\u00a0\u00bb20px||20px||true|false\u00a0\u00bb]<\/p>\n<p style=\"text-align: center;\">(peu de temps de stockage et temp\u00e9rature d&rsquo;entrep\u00f4t constante)<\/p>\n<p>[\/et_pb_blurb][\/et_pb_column][et_pb_column type=\u00a0\u00bb1_3&Prime; _builder_version=\u00a0\u00bb3.26.7&Prime;][et_pb_blurb title=\u00a0\u00bbConseiller nos clients sur la meilleure offre pour eux\u00a0\u00bb use_icon=\u00a0\u00bbon\u00a0\u00bb font_icon=\u00a0\u00bb%%202%%\u00a0\u00bb icon_color=\u00a0\u00bb#000000&Prime; content_max_width=\u00a0\u00bb290px\u00a0\u00bb use_icon_font_size=\u00a0\u00bbon\u00a0\u00bb icon_font_size=\u00a0\u00bb70px\u00a0\u00bb _builder_version=\u00a0\u00bb3.26.7&Prime; header_font=\u00a0\u00bbGeometry Soft Pro||||||||\u00a0\u00bb header_font_size=\u00a0\u00bb15px\u00a0\u00bb body_font_size=\u00a0\u00bb13px\u00a0\u00bb background_color=\u00a0\u00bb#FFFFFF\u00a0\u00bb border_radii=\u00a0\u00bbon|20px|20px|20px|20px\u00a0\u00bb box_shadow_style=\u00a0\u00bbpreset1&Prime; text_orientation=\u00a0\u00bbcenter\u00a0\u00bb custom_margin=\u00a0\u00bb||1px|||\u00a0\u00bb custom_padding=\u00a0\u00bb27px||27px||true|false\u00a0\u00bb](bi\u00e8res pressions, accords mets\/bi\u00e8res, etc.)[\/et_pb_blurb][\/et_pb_column][\/et_pb_row][et_pb_row _builder_version=\u00a0\u00bb3.26.7&Prime;][et_pb_column type=\u00a0\u00bb4_4&Prime; _builder_version=\u00a0\u00bb3.26.7&Prime;][et_pb_text _builder_version=\u00a0\u00bb3.26.7&Prime; text_text_align=\u00a0\u00bbcenter\u00a0\u00bb]<span>Vous \u00eates professionel et vous souhaitez proposer des bi\u00e8res artisanales pleines de saveurs \u00e0 vos clients ?<\/span><br \/>\n<span>Vous avez un projet d\u2019ouverture ?<\/span>[\/et_pb_text][et_pb_button button_text=\u00a0\u00bbContactez-nous ici\u00a0\u00bb button_alignment=\u00a0\u00bbcenter\u00a0\u00bb _builder_version=\u00a0\u00bb3.26.7&Prime; custom_button=\u00a0\u00bbon\u00a0\u00bb button_text_size=\u00a0\u00bb16px\u00a0\u00bb button_text_color=\u00a0\u00bb#FFFFFF\u00a0\u00bb button_bg_color=\u00a0\u00bbrgba(0,0,0,0.8)\u00a0\u00bb button_border_width=\u00a0\u00bb0px\u00a0\u00bb button_border_radius=\u00a0\u00bb20px\u00a0\u00bb button_letter_spacing=\u00a0\u00bb1px\u00a0\u00bb button_icon=\u00a0\u00bb%%119%%\u00a0\u00bb button_icon_color=\u00a0\u00bb#FFFFFF\u00a0\u00bb button_on_hover=\u00a0\u00bboff\u00a0\u00bb][\/et_pb_button][\/et_pb_column][\/et_pb_row][\/et_pb_section][et_pb_section fb_built=\u00a0\u00bb1&Prime; module_id=\u00a0\u00bbcontact\u00a0\u00bb _builder_version=\u00a0\u00bb3.26.7&Prime;][et_pb_row _builder_version=\u00a0\u00bb3.26.7&Prime;][et_pb_column type=\u00a0\u00bb4_4&Prime; _builder_version=\u00a0\u00bb3.26.7&Prime;][et_pb_text _builder_version=\u00a0\u00bb3.26.7&Prime; text_font=\u00a0\u00bbGeometry Soft Pro||||||||\u00a0\u00bb header_3_font=\u00a0\u00bbGeometry Soft Pro||||||||\u00a0\u00bb]<\/p>\n<h2 class=\"mayus mainColor text-center\" style=\"text-align: center;\">CONTACT<\/h2>\n<p class=\"textM padBotL\" style=\"text-align: center;\">N&rsquo;h\u00e9sitez pas \u00e0 nous contacter pour toute demande de renseignements :<\/p>\n<div class=\"row\">\n<div class=\"col-sm-3\"><\/div>\n<\/div>\n<p>[\/et_pb_text][\/et_pb_column][\/et_pb_row][et_pb_row column_structure=\u00a0\u00bb1_4,1_4,1_4,1_4&Prime; _builder_version=\u00a0\u00bb3.26.7&Prime;][et_pb_column type=\u00a0\u00bb1_4&Prime; _builder_version=\u00a0\u00bb3.26.7&Prime;][et_pb_text _builder_version=\u00a0\u00bb3.26.7&Prime;]<\/p>\n<div class=\"col-sm-3\">\n<p class=\"textS\" style=\"text-align: center;\">Posez-nous des questions :<\/p>\n<\/div>\n<div class=\"col-sm-3\"><\/div>\n<p>[\/et_pb_text][et_pb_button button_url=\u00a0\u00bbmailto:info@lcbv.fr\u00a0\u00bb button_text=\u00a0\u00bbinfo@lcbv.fr\u00a0\u00bb button_alignment=\u00a0\u00bbcenter\u00a0\u00bb _builder_version=\u00a0\u00bb3.26.7&Prime; custom_button=\u00a0\u00bbon\u00a0\u00bb button_text_size=\u00a0\u00bb15px\u00a0\u00bb button_text_color=\u00a0\u00bb#FFFFFF\u00a0\u00bb button_bg_color=\u00a0\u00bb#000000&Prime; button_border_width=\u00a0\u00bb0px\u00a0\u00bb][\/et_pb_button][\/et_pb_column][et_pb_column type=\u00a0\u00bb1_4&Prime; _builder_version=\u00a0\u00bb3.26.7&Prime;][et_pb_text _builder_version=\u00a0\u00bb3.26.7&Prime;]<\/p>\n<div class=\"col-sm-3\">\n<p class=\"textS\" style=\"text-align: center;\">Passez-nous une commande :<\/p>\n<\/div>\n<div class=\"col-sm-3\"><\/div>\n<div class=\"col-sm-3\"><\/div>\n<p>[\/et_pb_text][et_pb_button button_url=\u00a0\u00bbmailto:commande@lcbv.fr\u00a0\u00bb button_text=\u00a0\u00bbcommande@lcbv.fr\u00a0\u00bb button_alignment=\u00a0\u00bbcenter\u00a0\u00bb _builder_version=\u00a0\u00bb3.26.7&Prime; custom_button=\u00a0\u00bbon\u00a0\u00bb button_text_size=\u00a0\u00bb15px\u00a0\u00bb button_text_color=\u00a0\u00bb#FFFFFF\u00a0\u00bb button_bg_color=\u00a0\u00bb#000000&Prime; button_border_width=\u00a0\u00bb0px\u00a0\u00bb button_border_radius=\u00a0\u00bb3px\u00a0\u00bb][\/et_pb_button][\/et_pb_column][et_pb_column type=\u00a0\u00bb1_4&Prime; _builder_version=\u00a0\u00bb3.26.7&Prime;][et_pb_text _builder_version=\u00a0\u00bb3.26.7&Prime; text_text_align=\u00a0\u00bbcenter\u00a0\u00bb]<\/p>\n<div class=\"col-sm-3\">\n<p class=\"textS\">Comptabilit\u00e9 \/ Facturation :<\/p>\n<\/div>\n<div class=\"col-sm-3\"><\/div>\n<p>[\/et_pb_text][et_pb_button button_url=\u00a0\u00bbmailto:compta@lcbv.fr\u00a0\u00bb button_text=\u00a0\u00bbcompta@lcbv.fr\u00a0\u00bb button_alignment=\u00a0\u00bbcenter\u00a0\u00bb _builder_version=\u00a0\u00bb3.26.7&Prime; custom_button=\u00a0\u00bbon\u00a0\u00bb button_text_size=\u00a0\u00bb15px\u00a0\u00bb button_text_color=\u00a0\u00bb#FFFFFF\u00a0\u00bb button_bg_color=\u00a0\u00bb#000000&Prime; button_border_width=\u00a0\u00bb0px\u00a0\u00bb][\/et_pb_button][\/et_pb_column][et_pb_column type=\u00a0\u00bb1_4&Prime; _builder_version=\u00a0\u00bb3.26.7&Prime;][et_pb_text _builder_version=\u00a0\u00bb3.26.7&Prime;]<\/p>\n<div class=\"row\">\n<div class=\"col-sm-3\">\n<p class=\"textS\" style=\"text-align: center;\">Appelez nous :<\/p>\n<\/div>\n<\/div>\n<p>[\/et_pb_text][et_pb_button button_url=\u00a0\u00bbtel:0185731403&Prime; button_text=\u00a0\u00bb01.85.73.14.03&Prime; button_alignment=\u00a0\u00bbcenter\u00a0\u00bb _builder_version=\u00a0\u00bb3.26.7&Prime; custom_button=\u00a0\u00bbon\u00a0\u00bb button_text_size=\u00a0\u00bb15px\u00a0\u00bb button_text_color=\u00a0\u00bb#FFFFFF\u00a0\u00bb button_bg_color=\u00a0\u00bb#000000&Prime; button_border_width=\u00a0\u00bb0px\u00a0\u00bb][\/et_pb_button][\/et_pb_column][\/et_pb_row][et_pb_row _builder_version=\u00a0\u00bb3.26.7&Prime; custom_padding=\u00a0\u00bb||43px|||\u00a0\u00bb][et_pb_column type=\u00a0\u00bb4_4&Prime; _builder_version=\u00a0\u00bb3.26.7&Prime;][et_pb_text _builder_version=\u00a0\u00bb3.26.7&Prime;]<\/p>\n<p style=\"text-align: center;\">Nos r\u00e9seaux sociaux :<\/p>\n<p>[\/et_pb_text][et_pb_social_media_follow _builder_version=\u00a0\u00bb3.26.7&Prime; text_orientation=\u00a0\u00bbcenter\u00a0\u00bb][et_pb_social_media_follow_network social_network=\u00a0\u00bbfacebook\u00a0\u00bb url=\u00a0\u00bbhttps:\/\/www.facebook.com\/lacompagniedesboissonsvivantes\/\u00a0\u00bb _builder_version=\u00a0\u00bb3.26.7&Prime; background_color=\u00a0\u00bb#3b5998&Prime; follow_button=\u00a0\u00bboff\u00a0\u00bb url_new_window=\u00a0\u00bbon\u00a0\u00bb]facebook[\/et_pb_social_media_follow_network][et_pb_social_media_follow_network social_network=\u00a0\u00bbinstagram\u00a0\u00bb url=\u00a0\u00bbhttps:\/\/www.instagram.com\/lcbv_paris\/\u00a0\u00bb _builder_version=\u00a0\u00bb3.26.7&Prime; background_color=\u00a0\u00bb#ea2c59&Prime; follow_button=\u00a0\u00bboff\u00a0\u00bb url_new_window=\u00a0\u00bbon\u00a0\u00bb]instagram[\/et_pb_social_media_follow_network][\/et_pb_social_media_follow][et_pb_text _builder_version=\u00a0\u00bb3.26.7&Prime;]<\/p>\n<p style=\"text-align: center;\"><span>La Compagnie des Boissons Vivantes<\/span><br \/>\n<span>Mozinor \u2014 Lot 11A<\/span><br \/>\n<span>2-20 avenue du Pr\u00e9sident Salvador Allende<\/span><br \/>\n<span>93100 Montreuil<\/span><\/p>\n<p>[\/et_pb_text][\/et_pb_column][\/et_pb_row][\/et_pb_section]<\/p>\n","protected":false},"excerpt":{"rendered":"<p>[et_pb_section fb_built=\u00a0\u00bb1&Prime; fullwidth=\u00a0\u00bbon\u00a0\u00bb _builder_version=\u00a0\u00bb3.26.7&Prime;][et_pb_fullwidth_slider _builder_version=\u00a0\u00bb3.26.7&Prime; min_height=\u00a0\u00bb542.3px\u00a0\u00bb][et_pb_slide _builder_version=\u00a0\u00bb3.26.7&Prime; background_image=\u00a0\u00bbhttp:\/\/dev-www.lacompagniedesboissonsvivantes.fr\/wp-content\/uploads\/2021\/10\/IMG_2969-scaled.jpg\u00a0\u00bb background_enable_image=\u00a0\u00bbon\u00a0\u00bb parallax=\u00a0\u00bbon\u00a0\u00bb][\/et_pb_slide][et_pb_slide _builder_version=\u00a0\u00bb3.26.7&Prime; background_image=\u00a0\u00bbhttp:\/\/dev-www.lacompagniedesboissonsvivantes.fr\/wp-content\/uploads\/2021\/10\/IMG_2896-scaled.jpg\u00a0\u00bb background_enable_image=\u00a0\u00bbon\u00a0\u00bb parallax=\u00a0\u00bbon\u00a0\u00bb][\/et_pb_slide][et_pb_slide _builder_version=\u00a0\u00bb3.26.7&Prime; background_image=\u00a0\u00bbhttp:\/\/dev-www.lacompagniedesboissonsvivantes.fr\/wp-content\/uploads\/2021\/10\/IMG_2943-scaled.jpg\u00a0\u00bb background_enable_image=\u00a0\u00bbon\u00a0\u00bb parallax=\u00a0\u00bbon\u00a0\u00bb][\/et_pb_slide][et_pb_slide _builder_version=\u00a0\u00bb3.26.7&Prime; background_image=\u00a0\u00bbhttp:\/\/dev-www.lacompagniedesboissonsvivantes.fr\/wp-content\/uploads\/2021\/10\/IMG_2916-scaled.jpg\u00a0\u00bb background_enable_image=\u00a0\u00bbon\u00a0\u00bb parallax=\u00a0\u00bbon\u00a0\u00bb][\/et_pb_slide][\/et_pb_fullwidth_slider][\/et_pb_section][et_pb_section fb_built=\u00a0\u00bb1&Prime; module_id=\u00a0\u00bbnous\u00a0\u00bb _builder_version=\u00a0\u00bb3.26.7&Prime;][et_pb_row column_structure=\u00a0\u00bb1_2,1_2&Prime; module_id=\u00a0\u00bbNous\u00a0\u00bb _builder_version=\u00a0\u00bb3.26.7&Prime;][et_pb_column type=\u00a0\u00bb1_2&Prime; _builder_version=\u00a0\u00bb3.26.7&Prime;][et_pb_image src=\u00a0\u00bbhttp:\/\/dev-www.lacompagniedesboissonsvivantes.fr\/wp-content\/uploads\/2021\/11\/Capture_d_e\u0301cran_2021-11-08_a\u0300_13.12.06-removebg-preview.png\u00a0\u00bb _builder_version=\u00a0\u00bb3.26.7&Prime; width=\u00a0\u00bb15%\u00a0\u00bb][\/et_pb_image][et_pb_text _builder_version=\u00a0\u00bb3.26.7&Prime; header_2_font=\u00a0\u00bbGeometry Soft Pro||||||||\u00a0\u00bb] QUI SOMMES-NOUS ? La Compagnie des Boissons Vivantes (LCBV)&nbsp;est une soci\u00e9t\u00e9 sp\u00e9cialis\u00e9e dans la distribution de bi\u00e8res artisanales [&hellip;]<\/p>\n","protected":false},"author":1,"featured_media":0,"parent":0,"menu_order":0,"comment_status":"closed","ping_status":"closed","template":"","meta":{"_et_pb_use_builder":"on","_et_pb_old_content":"","footnotes":""},"class_list":["post-9","page","type-page","status-publish","hentry"],"_links":{"self":[{"href":"http:\/\/dev-www.lacompagniedesboissonsvivantes.fr\/index.php\/wp-json\/wp\/v2\/pages\/9","targetHints":{"allow":["GET"]}}],"collection":[{"href":"http:\/\/dev-www.lacompagniedesboissonsvivantes.fr\/index.php\/wp-json\/wp\/v2\/pages"}],"about":[{"href":"http:\/\/dev-www.lacompagniedesboissonsvivantes.fr\/index.php\/wp-json\/wp\/v2\/types\/page"}],"author":[{"embeddable":true,"href":"http:\/\/dev-www.lacompagniedesboissonsvivantes.fr\/index.php\/wp-json\/wp\/v2\/users\/1"}],"replies":[{"embeddable":true,"href":"http:\/\/dev-www.lacompagniedesboissonsvivantes.fr\/index.php\/wp-json\/wp\/v2\/comments?post=9"}],"version-history":[{"count":32,"href":"http:\/\/dev-www.lacompagniedesboissonsvivantes.fr\/index.php\/wp-json\/wp\/v2\/pages\/9\/revisions"}],"predecessor-version":[{"id":86,"href":"http:\/\/dev-www.lacompagniedesboissonsvivantes.fr\/index.php\/wp-json\/wp\/v2\/pages\/9\/revisions\/86"}],"wp:attachment":[{"href":"http:\/\/dev-www.lacompagniedesboissonsvivantes.fr\/index.php\/wp-json\/wp\/v2\/media?parent=9"}],"curies":[{"name":"wp","href":"https:\/\/api.w.org\/{rel}","templated":true}]}}